{"id":405,"date":"2024-08-08T12:51:43","date_gmt":"2024-08-08T19:51:43","guid":{"rendered":"https:\/\/mannystattooshop.art\/gracias\/"},"modified":"2024-08-08T12:59:59","modified_gmt":"2024-08-08T19:59:59","slug":"gracias","status":"publish","type":"page","link":"https:\/\/mannystattooshop.art\/es\/gracias\/","title":{"rendered":"Gracias"},"content":{"rendered":"\t\t<div data-elementor-type=\"wp-page\" data-elementor-id=\"405\" class=\"elementor elementor-405 elementor-403\" data-elementor-post-type=\"page\">\n\t\t\t\t\t\t<section class=\"elementor-section elementor-top-section elementor-element elementor-element-3922397d elementor-section-height-full elementor-section-boxed elementor-section-height-default elementor-section-items-middle\" data-id=\"3922397d\" data-element_type=\"section\" data-settings=\"{&quot;background_background&quot;:&quot;classic&quot;}\">\n\t\t\t\t\t\t\t<div class=\"elementor-background-overlay\"><\/div>\n\t\t\t\t\t\t\t<div class=\"elementor-container elementor-column-gap-default\">\n\t\t\t\t\t<div class=\"elementor-column elementor-col-100 elementor-top-column elementor-element elementor-element-33966a7e\" data-id=\"33966a7e\" data-element_type=\"column\">\n\t\t\t<div class=\"elementor-widget-wrap elementor-element-populated\">\n\t\t\t\t\t\t<div class=\"elementor-element elementor-element-27226391 elementor-invisible elementor-widget elementor-widget-text-editor\" data-id=\"27226391\" data-element_type=\"widget\" data-settings=\"{&quot;_animation&quot;:&quot;fadeIn&quot;,&quot;_animation_delay&quot;:200}\" data-widget_type=\"text-editor.default\">\n\t\t\t\t<div class=\"elementor-widget-container\">\n\t\t\t\t\t\t\t\t\t<p>Gracias por Elegir <br \/>Manny&#8217;s Tattoo Shop<\/p>\n\t\t\t\t\t\t\t\t<\/div>\n\t\t\t\t<\/div>\n\t\t\t\t<div class=\"elementor-element elementor-element-490e43c2 elementor-invisible elementor-widget elementor-widget-image\" data-id=\"490e43c2\" data-element_type=\"widget\" data-settings=\"{&quot;_animation&quot;:&quot;fadeIn&quot;,&quot;_animation_delay&quot;:200}\" data-widget_type=\"image.default\">\n\t\t\t\t<div class=\"elementor-widget-container\">\n\t\t\t\t\t\t\t\t\t\t\t\t\t\t\t<img fetchpriority=\"high\" decoding=\"async\" width=\"800\" height=\"410\" src=\"https:\/\/mannystattooshop.art\/wp-content\/uploads\/2024\/06\/Mannys-Tattoo-Shop-Logo-1.svg\" class=\"attachment-large size-large wp-image-339\" alt=\"\" \/>\t\t\t\t\t\t\t\t\t\t\t\t\t\t\t<\/div>\n\t\t\t\t<\/div>\n\t\t\t\t<div class=\"elementor-element elementor-element-4a79d58e elementor-invisible elementor-widget elementor-widget-heading\" data-id=\"4a79d58e\" data-element_type=\"widget\" data-settings=\"{&quot;_animation&quot;:&quot;fadeIn&quot;,&quot;_animation_delay&quot;:200}\" data-widget_type=\"heading.default\">\n\t\t\t\t<div class=\"elementor-widget-container\">\n\t\t\t\t\t<h2 class=\"elementor-heading-title elementor-size-default\">Tu Pr\u00f3xima Experiencia en Tatuajes Te Espera <\/h2>\t\t\t\t<\/div>\n\t\t\t\t<\/div>\n\t\t\t\t<div class=\"elementor-element elementor-element-7f090c15 elementor-widget elementor-widget-text-editor\" data-id=\"7f090c15\" data-element_type=\"widget\" data-widget_type=\"text-editor.default\">\n\t\t\t\t<div class=\"elementor-widget-container\">\n\t\t\t\t\t\t\t\t\t<p>Agradecemos que te hayas puesto en contacto con nosotros. En Manny&#8217;s Tattoo Shop, nos dedicamos a convertir tus ideas en arte incre\u00edble. Gracias por confiar en nosotros para tu pr\u00f3ximo tatuaje. Esperamos darte la bienvenida en nuestro estudio en Phoenix y crear algo especial juntos.<\/p>\n\t\t\t\t\t\t\t\t<\/div>\n\t\t\t\t<\/div>\n\t\t\t\t<div class=\"elementor-element elementor-element-29cfb7f elementor-align-center elementor-invisible elementor-widget elementor-widget-button\" data-id=\"29cfb7f\" data-element_type=\"widget\" data-settings=\"{&quot;_animation&quot;:&quot;fadeIn&quot;,&quot;_animation_delay&quot;:600}\" data-widget_type=\"button.default\">\n\t\t\t\t<div class=\"elementor-widget-container\">\n\t\t\t\t\t\t\t\t\t<div class=\"elementor-button-wrapper\">\n\t\t\t\t\t<a class=\"elementor-button elementor-button-link elementor-size-sm\" href=\"https:\/\/mannystattooshop.art\/es\/portafolio\/\">\n\t\t\t\t\t\t<span class=\"elementor-button-content-wrapper\">\n\t\t\t\t\t\t\t\t\t<span class=\"elementor-button-text\">Portafolio<\/span>\n\t\t\t\t\t<\/span>\n\t\t\t\t\t<\/a>\n\t\t\t\t<\/div>\n\t\t\t\t\t\t\t\t<\/div>\n\t\t\t\t<\/div>\n\t\t\t\t\t<\/div>\n\t\t<\/div>\n\t\t\t\t\t<\/div>\n\t\t<\/section>\n\t\t\t\t<\/div>\n\t\t","protected":false},"excerpt":{"rendered":"<p>Gracias por Elegir Manny&#8217;s Tattoo Shop Tu Pr\u00f3xima Experiencia en Tatuajes Te Espera Agradecemos que te hayas puesto en contacto con nosotros. En Manny&#8217;s Tattoo Shop, nos dedicamos a convertir tus ideas en arte incre\u00edble. Gracias por confiar en nosotros para tu pr\u00f3ximo tatuaje. Esperamos darte la bienvenida en nuestro estudio en Phoenix y crear [&hellip;]<\/p>\n","protected":false},"author":2,"featured_media":358,"parent":0,"menu_order":0,"comment_status":"closed","ping_status":"closed","template":"elementor_header_footer","meta":{"footnotes":""},"class_list":["post-405","page","type-page","status-publish","has-post-thumbnail","hentry"],"yoast_head":"<!-- This site is optimized with the Yoast SEO plugin v25.8 - https:\/\/yoast.com\/wordpress\/plugins\/seo\/ -->\n<title>Gracias - Manny&#039;s Tatto Shop<\/title>\n<meta name=\"description\" content=\"Creando Artes de Tatuaje Incre\u00edbles, nos enorgullecemos de la rica historia y la evoluci\u00f3n continua del tatuaje. Nuestro incre\u00edble equipo de talentosos artistas abarca todos los estilos: desde el tradicional hasta el nuevo, del negro y gris al color vibrante, y desde retratos realistas hasta dise\u00f1os animados.\" \/>\n<meta name=\"robots\" content=\"index, follow, max-snippet:-1, max-image-preview:large, max-video-preview:-1\" \/>\n<link rel=\"canonical\" href=\"https:\/\/mannystattooshop.art\/es\/gracias\/\" \/>\n<meta property=\"og:locale\" content=\"es_ES\" \/>\n<meta property=\"og:type\" content=\"article\" \/>\n<meta property=\"og:title\" content=\"Gracias - Manny&#039;s Tatto Shop\" \/>\n<meta property=\"og:description\" content=\"Creando Artes de Tatuaje Incre\u00edbles, nos enorgullecemos de la rica historia y la evoluci\u00f3n continua del tatuaje. Nuestro incre\u00edble equipo de talentosos artistas abarca todos los estilos: desde el tradicional hasta el nuevo, del negro y gris al color vibrante, y desde retratos realistas hasta dise\u00f1os animados.\" \/>\n<meta property=\"og:url\" content=\"https:\/\/mannystattooshop.art\/es\/gracias\/\" \/>\n<meta property=\"og:site_name\" content=\"Manny&#039;s Tatto Shop\" \/>\n<meta property=\"article:publisher\" content=\"https:\/\/www.facebook.com\/mannystattoosandpiercings\" \/>\n<meta property=\"article:modified_time\" content=\"2024-08-08T19:59:59+00:00\" \/>\n<meta property=\"og:image\" content=\"https:\/\/mannystattooshop.art\/wp-content\/uploads\/2024\/07\/641820857-mts_tattoo_12_thumbnail.jpg\" \/>\n\t<meta property=\"og:image:width\" content=\"1201\" \/>\n\t<meta property=\"og:image:height\" content=\"901\" \/>\n\t<meta property=\"og:image:type\" content=\"image\/jpeg\" \/>\n<meta name=\"twitter:card\" content=\"summary_large_image\" \/>\n<script type=\"application\/ld+json\" class=\"yoast-schema-graph\">{\"@context\":\"https:\/\/schema.org\",\"@graph\":[{\"@type\":\"WebPage\",\"@id\":\"https:\/\/mannystattooshop.art\/es\/gracias\/\",\"url\":\"https:\/\/mannystattooshop.art\/es\/gracias\/\",\"name\":\"Gracias - Manny&#039;s Tatto Shop\",\"isPartOf\":{\"@id\":\"https:\/\/mannystattooshop.art\/es\/#website\"},\"primaryImageOfPage\":{\"@id\":\"https:\/\/mannystattooshop.art\/es\/gracias\/#primaryimage\"},\"image\":{\"@id\":\"https:\/\/mannystattooshop.art\/es\/gracias\/#primaryimage\"},\"thumbnailUrl\":\"https:\/\/mannystattooshop.art\/wp-content\/uploads\/2024\/07\/641820857-mts_tattoo_12_thumbnail.jpg\",\"datePublished\":\"2024-08-08T19:51:43+00:00\",\"dateModified\":\"2024-08-08T19:59:59+00:00\",\"description\":\"Creando Artes de Tatuaje Incre\u00edbles, nos enorgullecemos de la rica historia y la evoluci\u00f3n continua del tatuaje. Nuestro incre\u00edble equipo de talentosos artistas abarca todos los estilos: desde el tradicional hasta el nuevo, del negro y gris al color vibrante, y desde retratos realistas hasta dise\u00f1os animados.\",\"breadcrumb\":{\"@id\":\"https:\/\/mannystattooshop.art\/es\/gracias\/#breadcrumb\"},\"inLanguage\":\"es\",\"potentialAction\":[{\"@type\":\"ReadAction\",\"target\":[\"https:\/\/mannystattooshop.art\/es\/gracias\/\"]}]},{\"@type\":\"ImageObject\",\"inLanguage\":\"es\",\"@id\":\"https:\/\/mannystattooshop.art\/es\/gracias\/#primaryimage\",\"url\":\"https:\/\/mannystattooshop.art\/wp-content\/uploads\/2024\/07\/641820857-mts_tattoo_12_thumbnail.jpg\",\"contentUrl\":\"https:\/\/mannystattooshop.art\/wp-content\/uploads\/2024\/07\/641820857-mts_tattoo_12_thumbnail.jpg\",\"width\":1201,\"height\":901},{\"@type\":\"BreadcrumbList\",\"@id\":\"https:\/\/mannystattooshop.art\/es\/gracias\/#breadcrumb\",\"itemListElement\":[{\"@type\":\"ListItem\",\"position\":1,\"name\":\"Home\",\"item\":\"https:\/\/mannystattooshop.art\/es\/\"},{\"@type\":\"ListItem\",\"position\":2,\"name\":\"Gracias\"}]},{\"@type\":\"WebSite\",\"@id\":\"https:\/\/mannystattooshop.art\/es\/#website\",\"url\":\"https:\/\/mannystattooshop.art\/es\/\",\"name\":\"Manny's Tatto Shop\",\"description\":\"Creating Impossible Tattoo Arts\",\"publisher\":{\"@id\":\"https:\/\/mannystattooshop.art\/es\/#organization\"},\"potentialAction\":[{\"@type\":\"SearchAction\",\"target\":{\"@type\":\"EntryPoint\",\"urlTemplate\":\"https:\/\/mannystattooshop.art\/es\/?s={search_term_string}\"},\"query-input\":{\"@type\":\"PropertyValueSpecification\",\"valueRequired\":true,\"valueName\":\"search_term_string\"}}],\"inLanguage\":\"es\"},{\"@type\":\"Organization\",\"@id\":\"https:\/\/mannystattooshop.art\/es\/#organization\",\"name\":\"Manny's Tatto Shop\",\"url\":\"https:\/\/mannystattooshop.art\/es\/\",\"logo\":{\"@type\":\"ImageObject\",\"inLanguage\":\"es\",\"@id\":\"https:\/\/mannystattooshop.art\/es\/#\/schema\/logo\/image\/\",\"url\":\"https:\/\/mannystattooshop.art\/wp-content\/uploads\/2024\/06\/Mannys-Tattoo-Shop-Logo.png\",\"contentUrl\":\"https:\/\/mannystattooshop.art\/wp-content\/uploads\/2024\/06\/Mannys-Tattoo-Shop-Logo.png\",\"width\":871,\"height\":449,\"caption\":\"Manny's Tatto Shop\"},\"image\":{\"@id\":\"https:\/\/mannystattooshop.art\/es\/#\/schema\/logo\/image\/\"},\"sameAs\":[\"https:\/\/www.facebook.com\/mannystattoosandpiercings\"]}]}<\/script>\n<!-- \/ Yoast SEO plugin. -->","yoast_head_json":{"title":"Gracias - Manny&#039;s Tatto Shop","description":"Creando Artes de Tatuaje Incre\u00edbles, nos enorgullecemos de la rica historia y la evoluci\u00f3n continua del tatuaje. Nuestro incre\u00edble equipo de talentosos artistas abarca todos los estilos: desde el tradicional hasta el nuevo, del negro y gris al color vibrante, y desde retratos realistas hasta dise\u00f1os animados.","robots":{"index":"index","follow":"follow","max-snippet":"max-snippet:-1","max-image-preview":"max-image-preview:large","max-video-preview":"max-video-preview:-1"},"canonical":"https:\/\/mannystattooshop.art\/es\/gracias\/","og_locale":"es_ES","og_type":"article","og_title":"Gracias - Manny&#039;s Tatto Shop","og_description":"Creando Artes de Tatuaje Incre\u00edbles, nos enorgullecemos de la rica historia y la evoluci\u00f3n continua del tatuaje. Nuestro incre\u00edble equipo de talentosos artistas abarca todos los estilos: desde el tradicional hasta el nuevo, del negro y gris al color vibrante, y desde retratos realistas hasta dise\u00f1os animados.","og_url":"https:\/\/mannystattooshop.art\/es\/gracias\/","og_site_name":"Manny&#039;s Tatto Shop","article_publisher":"https:\/\/www.facebook.com\/mannystattoosandpiercings","article_modified_time":"2024-08-08T19:59:59+00:00","og_image":[{"width":1201,"height":901,"url":"https:\/\/mannystattooshop.art\/wp-content\/uploads\/2024\/07\/641820857-mts_tattoo_12_thumbnail.jpg","type":"image\/jpeg"}],"twitter_card":"summary_large_image","schema":{"@context":"https:\/\/schema.org","@graph":[{"@type":"WebPage","@id":"https:\/\/mannystattooshop.art\/es\/gracias\/","url":"https:\/\/mannystattooshop.art\/es\/gracias\/","name":"Gracias - Manny&#039;s Tatto Shop","isPartOf":{"@id":"https:\/\/mannystattooshop.art\/es\/#website"},"primaryImageOfPage":{"@id":"https:\/\/mannystattooshop.art\/es\/gracias\/#primaryimage"},"image":{"@id":"https:\/\/mannystattooshop.art\/es\/gracias\/#primaryimage"},"thumbnailUrl":"https:\/\/mannystattooshop.art\/wp-content\/uploads\/2024\/07\/641820857-mts_tattoo_12_thumbnail.jpg","datePublished":"2024-08-08T19:51:43+00:00","dateModified":"2024-08-08T19:59:59+00:00","description":"Creando Artes de Tatuaje Incre\u00edbles, nos enorgullecemos de la rica historia y la evoluci\u00f3n continua del tatuaje. Nuestro incre\u00edble equipo de talentosos artistas abarca todos los estilos: desde el tradicional hasta el nuevo, del negro y gris al color vibrante, y desde retratos realistas hasta dise\u00f1os animados.","breadcrumb":{"@id":"https:\/\/mannystattooshop.art\/es\/gracias\/#breadcrumb"},"inLanguage":"es","potentialAction":[{"@type":"ReadAction","target":["https:\/\/mannystattooshop.art\/es\/gracias\/"]}]},{"@type":"ImageObject","inLanguage":"es","@id":"https:\/\/mannystattooshop.art\/es\/gracias\/#primaryimage","url":"https:\/\/mannystattooshop.art\/wp-content\/uploads\/2024\/07\/641820857-mts_tattoo_12_thumbnail.jpg","contentUrl":"https:\/\/mannystattooshop.art\/wp-content\/uploads\/2024\/07\/641820857-mts_tattoo_12_thumbnail.jpg","width":1201,"height":901},{"@type":"BreadcrumbList","@id":"https:\/\/mannystattooshop.art\/es\/gracias\/#breadcrumb","itemListElement":[{"@type":"ListItem","position":1,"name":"Home","item":"https:\/\/mannystattooshop.art\/es\/"},{"@type":"ListItem","position":2,"name":"Gracias"}]},{"@type":"WebSite","@id":"https:\/\/mannystattooshop.art\/es\/#website","url":"https:\/\/mannystattooshop.art\/es\/","name":"Manny's Tatto Shop","description":"Creating Impossible Tattoo Arts","publisher":{"@id":"https:\/\/mannystattooshop.art\/es\/#organization"},"potentialAction":[{"@type":"SearchAction","target":{"@type":"EntryPoint","urlTemplate":"https:\/\/mannystattooshop.art\/es\/?s={search_term_string}"},"query-input":{"@type":"PropertyValueSpecification","valueRequired":true,"valueName":"search_term_string"}}],"inLanguage":"es"},{"@type":"Organization","@id":"https:\/\/mannystattooshop.art\/es\/#organization","name":"Manny's Tatto Shop","url":"https:\/\/mannystattooshop.art\/es\/","logo":{"@type":"ImageObject","inLanguage":"es","@id":"https:\/\/mannystattooshop.art\/es\/#\/schema\/logo\/image\/","url":"https:\/\/mannystattooshop.art\/wp-content\/uploads\/2024\/06\/Mannys-Tattoo-Shop-Logo.png","contentUrl":"https:\/\/mannystattooshop.art\/wp-content\/uploads\/2024\/06\/Mannys-Tattoo-Shop-Logo.png","width":871,"height":449,"caption":"Manny's Tatto Shop"},"image":{"@id":"https:\/\/mannystattooshop.art\/es\/#\/schema\/logo\/image\/"},"sameAs":["https:\/\/www.facebook.com\/mannystattoosandpiercings"]}]}},"_links":{"self":[{"href":"https:\/\/mannystattooshop.art\/es\/wp-json\/wp\/v2\/pages\/405","targetHints":{"allow":["GET"]}}],"collection":[{"href":"https:\/\/mannystattooshop.art\/es\/wp-json\/wp\/v2\/pages"}],"about":[{"href":"https:\/\/mannystattooshop.art\/es\/wp-json\/wp\/v2\/types\/page"}],"author":[{"embeddable":true,"href":"https:\/\/mannystattooshop.art\/es\/wp-json\/wp\/v2\/users\/2"}],"replies":[{"embeddable":true,"href":"https:\/\/mannystattooshop.art\/es\/wp-json\/wp\/v2\/comments?post=405"}],"version-history":[{"count":0,"href":"https:\/\/mannystattooshop.art\/es\/wp-json\/wp\/v2\/pages\/405\/revisions"}],"wp:featuredmedia":[{"embeddable":true,"href":"https:\/\/mannystattooshop.art\/es\/wp-json\/wp\/v2\/media\/358"}],"wp:attachment":[{"href":"https:\/\/mannystattooshop.art\/es\/wp-json\/wp\/v2\/media?parent=405"}],"curies":[{"name":"wp","href":"https:\/\/api.w.org\/{rel}","templated":true}]}}