{"id":375,"date":"2024-06-10T16:13:49","date_gmt":"2024-06-10T23:13:49","guid":{"rendered":"https:\/\/mannystattooshop.art\/sobre-nosotros\/"},"modified":"2024-08-09T17:01:22","modified_gmt":"2024-08-10T00:01:22","slug":"sobre-nosotros","status":"publish","type":"page","link":"https:\/\/mannystattooshop.art\/es\/sobre-nosotros\/","title":{"rendered":"Sobre Nosotros"},"content":{"rendered":"\t\t<div data-elementor-type=\"wp-page\" data-elementor-id=\"375\" class=\"elementor elementor-375 elementor-88\" data-elementor-post-type=\"page\">\n\t\t\t\t\t\t<section class=\"elementor-section elementor-top-section elementor-element elementor-element-6256cf39 elementor-section-height-min-height elementor-section-boxed elementor-section-height-default elementor-section-items-middle\" data-id=\"6256cf39\" data-element_type=\"section\" data-settings=\"{&quot;background_background&quot;:&quot;classic&quot;}\">\n\t\t\t\t\t\t\t<div class=\"elementor-background-overlay\"><\/div>\n\t\t\t\t\t\t\t<div class=\"elementor-container elementor-column-gap-default\">\n\t\t\t\t\t<div class=\"elementor-column elementor-col-100 elementor-top-column elementor-element elementor-element-17497a31\" data-id=\"17497a31\" data-element_type=\"column\">\n\t\t\t<div class=\"elementor-widget-wrap elementor-element-populated\">\n\t\t\t\t\t\t<div class=\"elementor-element elementor-element-296e2a9b elementor-invisible elementor-widget elementor-widget-heading\" data-id=\"296e2a9b\" data-element_type=\"widget\" data-settings=\"{&quot;_animation&quot;:&quot;fadeIn&quot;}\" data-widget_type=\"heading.default\">\n\t\t\t\t<div class=\"elementor-widget-container\">\n\t\t\t\t\t<h2 class=\"elementor-heading-title elementor-size-default\">Sobre Nosotros<\/h2>\t\t\t\t<\/div>\n\t\t\t\t<\/div>\n\t\t\t\t<div class=\"elementor-element elementor-element-2d5201d9 elementor-icon-list--layout-inline elementor-align-center elementor-list-item-link-full_width elementor-invisible elementor-widget elementor-widget-icon-list\" data-id=\"2d5201d9\" data-element_type=\"widget\" data-settings=\"{&quot;_animation&quot;:&quot;fadeIn&quot;,&quot;_animation_delay&quot;:200}\" data-widget_type=\"icon-list.default\">\n\t\t\t\t<div class=\"elementor-widget-container\">\n\t\t\t\t\t\t\t<ul class=\"elementor-icon-list-items elementor-inline-items\">\n\t\t\t\t\t\t\t<li class=\"elementor-icon-list-item elementor-inline-item\">\n\t\t\t\t\t\t\t\t\t\t\t<a href=\"#\">\n\n\t\t\t\t\t\t\t\t\t\t\t<span class=\"elementor-icon-list-text\">Inicio<\/span>\n\t\t\t\t\t\t\t\t\t\t\t<\/a>\n\t\t\t\t\t\t\t\t\t<\/li>\n\t\t\t\t\t\t\t\t<li class=\"elementor-icon-list-item elementor-inline-item\">\n\t\t\t\t\t\t\t\t\t\t\t<a href=\"#\">\n\n\t\t\t\t\t\t\t\t\t\t\t\t<span class=\"elementor-icon-list-icon\">\n\t\t\t\t\t\t\t<svg aria-hidden=\"true\" class=\"e-font-icon-svg e-fas-slash\" viewBox=\"0 0 640 512\" xmlns=\"http:\/\/www.w3.org\/2000\/svg\"><path d=\"M594.53 508.63L6.18 53.9c-6.97-5.42-8.23-15.47-2.81-22.45L23.01 6.18C28.43-.8 38.49-2.06 45.47 3.37L633.82 458.1c6.97 5.42 8.23 15.47 2.81 22.45l-19.64 25.27c-5.42 6.98-15.48 8.23-22.46 2.81z\"><\/path><\/svg>\t\t\t\t\t\t<\/span>\n\t\t\t\t\t\t\t\t\t\t<span class=\"elementor-icon-list-text\">Sobre Nosotros<\/span>\n\t\t\t\t\t\t\t\t\t\t\t<\/a>\n\t\t\t\t\t\t\t\t\t<\/li>\n\t\t\t\t\t\t<\/ul>\n\t\t\t\t\t\t<\/div>\n\t\t\t\t<\/div>\n\t\t\t\t\t<\/div>\n\t\t<\/div>\n\t\t\t\t\t<\/div>\n\t\t<\/section>\n\t\t\t\t<section class=\"elementor-section elementor-top-section elementor-element elementor-element-2e465bf2 elementor-section-boxed elementor-section-height-default elementor-section-height-default\" data-id=\"2e465bf2\" data-element_type=\"section\" data-settings=\"{&quot;background_background&quot;:&quot;classic&quot;}\">\n\t\t\t\t\t\t<div class=\"elementor-container elementor-column-gap-default\">\n\t\t\t\t\t<div class=\"elementor-column elementor-col-100 elementor-top-column elementor-element elementor-element-7601d791\" data-id=\"7601d791\" data-element_type=\"column\">\n\t\t\t<div class=\"elementor-widget-wrap elementor-element-populated\">\n\t\t\t\t\t\t<div class=\"elementor-element elementor-element-621fcc9f elementor-invisible elementor-widget elementor-widget-text-editor\" data-id=\"621fcc9f\" data-element_type=\"widget\" data-settings=\"{&quot;_animation&quot;:&quot;fadeIn&quot;,&quot;_animation_delay&quot;:200}\" data-widget_type=\"text-editor.default\">\n\t\t\t\t<div class=\"elementor-widget-container\">\n\t\t\t\t\t\t\t\t\t<p>Sobre Manny&#8217;s Tattoo Shop<\/p>\n\t\t\t\t\t\t\t\t<\/div>\n\t\t\t\t<\/div>\n\t\t\t\t<div class=\"elementor-element elementor-element-3698a96d elementor-invisible elementor-widget elementor-widget-heading\" data-id=\"3698a96d\" data-element_type=\"widget\" data-settings=\"{&quot;_animation&quot;:&quot;fadeIn&quot;,&quot;_animation_delay&quot;:200}\" data-widget_type=\"heading.default\">\n\t\t\t\t<div class=\"elementor-widget-container\">\n\t\t\t\t\t<h2 class=\"elementor-heading-title elementor-size-default\">Creando Arte de Tatuaje Incre\u00edble<\/h2>\t\t\t\t<\/div>\n\t\t\t\t<\/div>\n\t\t\t\t<div class=\"elementor-element elementor-element-155b6d5d elementor-invisible elementor-widget elementor-widget-text-editor\" data-id=\"155b6d5d\" data-element_type=\"widget\" data-settings=\"{&quot;_animation&quot;:&quot;fadeIn&quot;,&quot;_animation_delay&quot;:400}\" data-widget_type=\"text-editor.default\">\n\t\t\t\t<div class=\"elementor-widget-container\">\n\t\t\t\t\t\t\t\t\t<p><strong>En MANNY\u2019S TATTOO SHOP, nos enorgullecemos de la rica historia y la evoluci\u00f3n continua del tatuaje. Nuestro incre\u00edble equipo de talentosos artistas abarca todos los estilos: desde el tradicional hasta el nuevo, del negro y gris al color vibrante, y desde retratos realistas hasta dise\u00f1os animados.<\/strong><\/p><p><strong>Ofrecemos una experiencia de tatuaje, asegurando un proceso c\u00f3modo y colaborativo. Ya sea que busques una pieza peque\u00f1a y espont\u00e1nea o un proyecto de tatuaje a gran escala, nuestros artistas trabajar\u00e1n contigo uno a uno para darle vida a tu visi\u00f3n. Nuestra amplia gama de estilos garantiza que tus ideas se transformen en tatuajes personalizados, \u00fanicos y especiales.<\/strong><\/p><p><strong>Nuestro estudio es excepcionalmente limpio, profesional, relajado y acogedor. En MANNY\u2019S TATTOO SHOP, nos enfocamos en crear experiencias duraderas, no solo en construir una clientela. Nos sentimos honrados de ser parte de tu viaje de tatuaje y esperamos proporcionarte tu pr\u00f3xima obra de arte.<\/strong><\/p>\t\t\t\t\t\t\t\t<\/div>\n\t\t\t\t<\/div>\n\t\t\t\t<section class=\"elementor-section elementor-inner-section elementor-element elementor-element-370c7cfa elementor-section-height-min-height elementor-section-boxed elementor-section-height-default\" data-id=\"370c7cfa\" data-element_type=\"section\">\n\t\t\t\t\t\t<div class=\"elementor-container elementor-column-gap-default\">\n\t\t\t\t\t<div class=\"elementor-column elementor-col-100 elementor-inner-column elementor-element elementor-element-59a5d676 elementor-invisible\" data-id=\"59a5d676\" data-element_type=\"column\" data-settings=\"{&quot;background_background&quot;:&quot;classic&quot;,&quot;animation&quot;:&quot;fadeIn&quot;}\">\n\t\t\t<div class=\"elementor-widget-wrap elementor-element-populated\">\n\t\t\t\t\t<div class=\"elementor-background-overlay\"><\/div>\n\t\t\t\t\t\t<div class=\"elementor-element elementor-element-7b2d0e49 elementor-widget elementor-widget-elementskit-video\" data-id=\"7b2d0e49\" data-element_type=\"widget\" data-widget_type=\"elementskit-video.default\">\n\t\t\t\t<div class=\"elementor-widget-container\">\n\t\t\t\t\t<div class=\"ekit-wid-con\" >\t\t<div class=\"video-content\" data-video-player=\"[&quot;playpause&quot;,&quot;current&quot;,&quot;progress&quot;,&quot;duration&quot;,&quot;volume&quot;]\" data-video-setting=\"{&quot;videoVolume&quot;:&quot;horizontal&quot;,&quot;startVolume&quot;:0.8,&quot;videoType&quot;:&quot;inline&quot;,&quot;videoClass&quot;:&quot;ekit_self_video_wrap_content&quot;,&quot;popupIcon&quot;:{&quot;value&quot;:&quot;icon icon-cancel&quot;,&quot;library&quot;:&quot;ekiticons&quot;},&quot;videoStyle&quot;:&quot;popup&quot;,&quot;videoTypeName&quot;:&quot;self&quot;,&quot;autoplay&quot;:false,&quot;muted&quot;:false,&quot;loop&quot;:false}\">\n\t\t\t\n<a class=\"ekit_icon_button  ekit-video-popup ekit-video-popup-btn\" href=\"#test-popup-link7b2d0e49\" aria-label=\"video-popup\">\n\t\t\t\t<i aria-hidden=\"true\" class=\"icon icon-play-button\"><\/i>\t\t\n\t\t\t<\/a>\n\t\t\t\t<div id=\"test-popup-link7b2d0e49\" class=\"mfp-hide ekit_self_video_wrap\">\n\t\t\t\t\t<video class=\"video_class\"\n\t\t\t\t\t\t\t\t\t\t\t>\n\t\t\t\t\t\t<source type=\"video\/mp4\" src=\"https:\/\/mannystattooshop.art\/wp-content\/uploads\/2024\/06\/Mannys-tattoo-shop.mp4\" \/>\n\t\t\t\t\t<\/video>\n\t\t\t\t<\/div>\n\t\t\t\t\t<\/div>\n\t\t<\/div>\t\t\t\t<\/div>\n\t\t\t\t<\/div>\n\t\t\t\t\t<\/div>\n\t\t<\/div>\n\t\t\t\t\t<\/div>\n\t\t<\/section>\n\t\t\t\t\t<\/div>\n\t\t<\/div>\n\t\t\t\t\t<\/div>\n\t\t<\/section>\n\t\t\t\t<section class=\"elementor-section elementor-top-section elementor-element elementor-element-1a1cb976 elementor-section-boxed elementor-section-height-default elementor-section-height-default\" data-id=\"1a1cb976\" data-element_type=\"section\" data-settings=\"{&quot;background_background&quot;:&quot;classic&quot;}\">\n\t\t\t\t\t\t\t<div class=\"elementor-background-overlay\"><\/div>\n\t\t\t\t\t\t\t<div class=\"elementor-container elementor-column-gap-default\">\n\t\t\t\t\t<div class=\"elementor-column elementor-col-100 elementor-top-column elementor-element elementor-element-157fb516\" data-id=\"157fb516\" data-element_type=\"column\">\n\t\t\t<div class=\"elementor-widget-wrap elementor-element-populated\">\n\t\t\t\t\t\t<div class=\"elementor-element elementor-element-501e4c08 elementor-invisible elementor-widget elementor-widget-image\" data-id=\"501e4c08\" data-element_type=\"widget\" data-settings=\"{&quot;_animation&quot;:&quot;fadeIn&quot;}\" data-widget_type=\"image.default\">\n\t\t\t\t<div class=\"elementor-widget-container\">\n\t\t\t\t\t\t\t\t\t\t\t\t\t\t\t<img fetchpriority=\"high\" decoding=\"async\" width=\"699\" height=\"598\" src=\"https:\/\/mannystattooshop.art\/wp-content\/uploads\/2024\/06\/Mannys-Tattoo-Shop-Icon.svg\" class=\"attachment-large size-large wp-image-338\" alt=\"\" \/>\t\t\t\t\t\t\t\t\t\t\t\t\t\t\t<\/div>\n\t\t\t\t<\/div>\n\t\t\t\t<div class=\"elementor-element elementor-element-76cde233 elementor-invisible elementor-widget elementor-widget-heading\" data-id=\"76cde233\" data-element_type=\"widget\" data-settings=\"{&quot;_animation&quot;:&quot;fadeIn&quot;,&quot;_animation_delay&quot;:200}\" data-widget_type=\"heading.default\">\n\t\t\t\t<div class=\"elementor-widget-container\">\n\t\t\t\t\t<h2 class=\"elementor-heading-title elementor-size-default\">Transformando ideas en tatuajes impresionantes <\/h2>\t\t\t\t<\/div>\n\t\t\t\t<\/div>\n\t\t\t\t<div class=\"elementor-element elementor-element-70d6f67 elementor-widget__width-auto elementor-invisible elementor-widget elementor-widget-button\" data-id=\"70d6f67\" data-element_type=\"widget\" data-settings=\"{&quot;_animation&quot;:&quot;fadeIn&quot;,&quot;_animation_delay&quot;:600}\" data-widget_type=\"button.default\">\n\t\t\t\t<div class=\"elementor-widget-container\">\n\t\t\t\t\t\t\t\t\t<div class=\"elementor-button-wrapper\">\n\t\t\t\t\t<a class=\"elementor-button elementor-button-link elementor-size-sm\" href=\"https:\/\/mannystattooshop.art\/es\/contacto\/\">\n\t\t\t\t\t\t<span class=\"elementor-button-content-wrapper\">\n\t\t\t\t\t\t\t\t\t<span class=\"elementor-button-text\">Agendar Ahora<\/span>\n\t\t\t\t\t<\/span>\n\t\t\t\t\t<\/a>\n\t\t\t\t<\/div>\n\t\t\t\t\t\t\t\t<\/div>\n\t\t\t\t<\/div>\n\t\t\t\t\t<\/div>\n\t\t<\/div>\n\t\t\t\t\t<\/div>\n\t\t<\/section>\n\t\t\t\t<\/div>\n\t\t","protected":false},"excerpt":{"rendered":"<p>Sobre Nosotros Inicio Sobre Nosotros Sobre Manny&#8217;s Tattoo Shop Creando Arte de Tatuaje Incre\u00edble En MANNY\u2019S TATTOO SHOP, nos enorgullecemos de la rica historia y la evoluci\u00f3n continua del tatuaje. Nuestro incre\u00edble equipo de talentosos artistas abarca todos los estilos: desde el tradicional hasta el nuevo, del negro y gris al color vibrante, y desde [&hellip;]<\/p>\n","protected":false},"author":2,"featured_media":361,"parent":0,"menu_order":0,"comment_status":"closed","ping_status":"closed","template":"elementor_header_footer","meta":{"footnotes":""},"class_list":["post-375","page","type-page","status-publish","has-post-thumbnail","hentry"],"yoast_head":"<!-- This site is optimized with the Yoast SEO plugin v25.8 - https:\/\/yoast.com\/wordpress\/plugins\/seo\/ -->\n<title>Sobre Nosotros - Manny&#039;s Tatto Shop<\/title>\n<meta name=\"description\" content=\"Creando Artes de Tatuaje Incre\u00edbles, nos enorgullecemos de la rica historia y la evoluci\u00f3n continua del tatuaje. Nuestro incre\u00edble equipo de talentosos artistas abarca todos los estilos: desde el tradicional hasta el nuevo, del negro y gris al color vibrante, y desde retratos realistas hasta dise\u00f1os animados.\" \/>\n<meta name=\"robots\" content=\"index, follow, max-snippet:-1, max-image-preview:large, max-video-preview:-1\" \/>\n<link rel=\"canonical\" href=\"https:\/\/mannystattooshop.art\/es\/sobre-nosotros\/\" \/>\n<meta property=\"og:locale\" content=\"es_ES\" \/>\n<meta property=\"og:type\" content=\"article\" \/>\n<meta property=\"og:title\" content=\"Sobre Nosotros - Manny&#039;s Tatto Shop\" \/>\n<meta property=\"og:description\" content=\"Creando Artes de Tatuaje Incre\u00edbles, nos enorgullecemos de la rica historia y la evoluci\u00f3n continua del tatuaje. Nuestro incre\u00edble equipo de talentosos artistas abarca todos los estilos: desde el tradicional hasta el nuevo, del negro y gris al color vibrante, y desde retratos realistas hasta dise\u00f1os animados.\" \/>\n<meta property=\"og:url\" content=\"https:\/\/mannystattooshop.art\/es\/sobre-nosotros\/\" \/>\n<meta property=\"og:site_name\" content=\"Manny&#039;s Tatto Shop\" \/>\n<meta property=\"article:publisher\" content=\"https:\/\/www.facebook.com\/mannystattoosandpiercings\" \/>\n<meta property=\"article:modified_time\" content=\"2024-08-10T00:01:22+00:00\" \/>\n<meta property=\"og:image\" content=\"https:\/\/mannystattooshop.art\/wp-content\/uploads\/2024\/07\/641820872-mts_tattoo_13_thumbnail.jpg\" \/>\n\t<meta property=\"og:image:width\" content=\"1201\" \/>\n\t<meta property=\"og:image:height\" content=\"901\" \/>\n\t<meta property=\"og:image:type\" content=\"image\/jpeg\" \/>\n<meta name=\"twitter:card\" content=\"summary_large_image\" \/>\n<meta name=\"twitter:label1\" content=\"Tiempo de lectura\" \/>\n\t<meta name=\"twitter:data1\" content=\"2 minutos\" \/>\n<script type=\"application\/ld+json\" class=\"yoast-schema-graph\">{\"@context\":\"https:\/\/schema.org\",\"@graph\":[{\"@type\":\"WebPage\",\"@id\":\"https:\/\/mannystattooshop.art\/es\/sobre-nosotros\/\",\"url\":\"https:\/\/mannystattooshop.art\/es\/sobre-nosotros\/\",\"name\":\"Sobre Nosotros - Manny&#039;s Tatto Shop\",\"isPartOf\":{\"@id\":\"https:\/\/mannystattooshop.art\/es\/#website\"},\"primaryImageOfPage\":{\"@id\":\"https:\/\/mannystattooshop.art\/es\/sobre-nosotros\/#primaryimage\"},\"image\":{\"@id\":\"https:\/\/mannystattooshop.art\/es\/sobre-nosotros\/#primaryimage\"},\"thumbnailUrl\":\"https:\/\/mannystattooshop.art\/wp-content\/uploads\/2024\/07\/641820872-mts_tattoo_13_thumbnail.jpg\",\"datePublished\":\"2024-06-10T23:13:49+00:00\",\"dateModified\":\"2024-08-10T00:01:22+00:00\",\"description\":\"Creando Artes de Tatuaje Incre\u00edbles, nos enorgullecemos de la rica historia y la evoluci\u00f3n continua del tatuaje. Nuestro incre\u00edble equipo de talentosos artistas abarca todos los estilos: desde el tradicional hasta el nuevo, del negro y gris al color vibrante, y desde retratos realistas hasta dise\u00f1os animados.\",\"breadcrumb\":{\"@id\":\"https:\/\/mannystattooshop.art\/es\/sobre-nosotros\/#breadcrumb\"},\"inLanguage\":\"es\",\"potentialAction\":[{\"@type\":\"ReadAction\",\"target\":[\"https:\/\/mannystattooshop.art\/es\/sobre-nosotros\/\"]}]},{\"@type\":\"ImageObject\",\"inLanguage\":\"es\",\"@id\":\"https:\/\/mannystattooshop.art\/es\/sobre-nosotros\/#primaryimage\",\"url\":\"https:\/\/mannystattooshop.art\/wp-content\/uploads\/2024\/07\/641820872-mts_tattoo_13_thumbnail.jpg\",\"contentUrl\":\"https:\/\/mannystattooshop.art\/wp-content\/uploads\/2024\/07\/641820872-mts_tattoo_13_thumbnail.jpg\",\"width\":1201,\"height\":901},{\"@type\":\"BreadcrumbList\",\"@id\":\"https:\/\/mannystattooshop.art\/es\/sobre-nosotros\/#breadcrumb\",\"itemListElement\":[{\"@type\":\"ListItem\",\"position\":1,\"name\":\"Home\",\"item\":\"https:\/\/mannystattooshop.art\/es\/\"},{\"@type\":\"ListItem\",\"position\":2,\"name\":\"Sobre Nosotros\"}]},{\"@type\":\"WebSite\",\"@id\":\"https:\/\/mannystattooshop.art\/es\/#website\",\"url\":\"https:\/\/mannystattooshop.art\/es\/\",\"name\":\"Manny's Tatto Shop\",\"description\":\"Creating Impossible Tattoo Arts\",\"publisher\":{\"@id\":\"https:\/\/mannystattooshop.art\/es\/#organization\"},\"potentialAction\":[{\"@type\":\"SearchAction\",\"target\":{\"@type\":\"EntryPoint\",\"urlTemplate\":\"https:\/\/mannystattooshop.art\/es\/?s={search_term_string}\"},\"query-input\":{\"@type\":\"PropertyValueSpecification\",\"valueRequired\":true,\"valueName\":\"search_term_string\"}}],\"inLanguage\":\"es\"},{\"@type\":\"Organization\",\"@id\":\"https:\/\/mannystattooshop.art\/es\/#organization\",\"name\":\"Manny's Tatto Shop\",\"url\":\"https:\/\/mannystattooshop.art\/es\/\",\"logo\":{\"@type\":\"ImageObject\",\"inLanguage\":\"es\",\"@id\":\"https:\/\/mannystattooshop.art\/es\/#\/schema\/logo\/image\/\",\"url\":\"https:\/\/mannystattooshop.art\/wp-content\/uploads\/2024\/06\/Mannys-Tattoo-Shop-Logo.png\",\"contentUrl\":\"https:\/\/mannystattooshop.art\/wp-content\/uploads\/2024\/06\/Mannys-Tattoo-Shop-Logo.png\",\"width\":871,\"height\":449,\"caption\":\"Manny's Tatto Shop\"},\"image\":{\"@id\":\"https:\/\/mannystattooshop.art\/es\/#\/schema\/logo\/image\/\"},\"sameAs\":[\"https:\/\/www.facebook.com\/mannystattoosandpiercings\"]}]}<\/script>\n<!-- \/ Yoast SEO plugin. -->","yoast_head_json":{"title":"Sobre Nosotros - Manny&#039;s Tatto Shop","description":"Creando Artes de Tatuaje Incre\u00edbles, nos enorgullecemos de la rica historia y la evoluci\u00f3n continua del tatuaje. Nuestro incre\u00edble equipo de talentosos artistas abarca todos los estilos: desde el tradicional hasta el nuevo, del negro y gris al color vibrante, y desde retratos realistas hasta dise\u00f1os animados.","robots":{"index":"index","follow":"follow","max-snippet":"max-snippet:-1","max-image-preview":"max-image-preview:large","max-video-preview":"max-video-preview:-1"},"canonical":"https:\/\/mannystattooshop.art\/es\/sobre-nosotros\/","og_locale":"es_ES","og_type":"article","og_title":"Sobre Nosotros - Manny&#039;s Tatto Shop","og_description":"Creando Artes de Tatuaje Incre\u00edbles, nos enorgullecemos de la rica historia y la evoluci\u00f3n continua del tatuaje. Nuestro incre\u00edble equipo de talentosos artistas abarca todos los estilos: desde el tradicional hasta el nuevo, del negro y gris al color vibrante, y desde retratos realistas hasta dise\u00f1os animados.","og_url":"https:\/\/mannystattooshop.art\/es\/sobre-nosotros\/","og_site_name":"Manny&#039;s Tatto Shop","article_publisher":"https:\/\/www.facebook.com\/mannystattoosandpiercings","article_modified_time":"2024-08-10T00:01:22+00:00","og_image":[{"width":1201,"height":901,"url":"https:\/\/mannystattooshop.art\/wp-content\/uploads\/2024\/07\/641820872-mts_tattoo_13_thumbnail.jpg","type":"image\/jpeg"}],"twitter_card":"summary_large_image","twitter_misc":{"Tiempo de lectura":"2 minutos"},"schema":{"@context":"https:\/\/schema.org","@graph":[{"@type":"WebPage","@id":"https:\/\/mannystattooshop.art\/es\/sobre-nosotros\/","url":"https:\/\/mannystattooshop.art\/es\/sobre-nosotros\/","name":"Sobre Nosotros - Manny&#039;s Tatto Shop","isPartOf":{"@id":"https:\/\/mannystattooshop.art\/es\/#website"},"primaryImageOfPage":{"@id":"https:\/\/mannystattooshop.art\/es\/sobre-nosotros\/#primaryimage"},"image":{"@id":"https:\/\/mannystattooshop.art\/es\/sobre-nosotros\/#primaryimage"},"thumbnailUrl":"https:\/\/mannystattooshop.art\/wp-content\/uploads\/2024\/07\/641820872-mts_tattoo_13_thumbnail.jpg","datePublished":"2024-06-10T23:13:49+00:00","dateModified":"2024-08-10T00:01:22+00:00","description":"Creando Artes de Tatuaje Incre\u00edbles, nos enorgullecemos de la rica historia y la evoluci\u00f3n continua del tatuaje. Nuestro incre\u00edble equipo de talentosos artistas abarca todos los estilos: desde el tradicional hasta el nuevo, del negro y gris al color vibrante, y desde retratos realistas hasta dise\u00f1os animados.","breadcrumb":{"@id":"https:\/\/mannystattooshop.art\/es\/sobre-nosotros\/#breadcrumb"},"inLanguage":"es","potentialAction":[{"@type":"ReadAction","target":["https:\/\/mannystattooshop.art\/es\/sobre-nosotros\/"]}]},{"@type":"ImageObject","inLanguage":"es","@id":"https:\/\/mannystattooshop.art\/es\/sobre-nosotros\/#primaryimage","url":"https:\/\/mannystattooshop.art\/wp-content\/uploads\/2024\/07\/641820872-mts_tattoo_13_thumbnail.jpg","contentUrl":"https:\/\/mannystattooshop.art\/wp-content\/uploads\/2024\/07\/641820872-mts_tattoo_13_thumbnail.jpg","width":1201,"height":901},{"@type":"BreadcrumbList","@id":"https:\/\/mannystattooshop.art\/es\/sobre-nosotros\/#breadcrumb","itemListElement":[{"@type":"ListItem","position":1,"name":"Home","item":"https:\/\/mannystattooshop.art\/es\/"},{"@type":"ListItem","position":2,"name":"Sobre Nosotros"}]},{"@type":"WebSite","@id":"https:\/\/mannystattooshop.art\/es\/#website","url":"https:\/\/mannystattooshop.art\/es\/","name":"Manny's Tatto Shop","description":"Creating Impossible Tattoo Arts","publisher":{"@id":"https:\/\/mannystattooshop.art\/es\/#organization"},"potentialAction":[{"@type":"SearchAction","target":{"@type":"EntryPoint","urlTemplate":"https:\/\/mannystattooshop.art\/es\/?s={search_term_string}"},"query-input":{"@type":"PropertyValueSpecification","valueRequired":true,"valueName":"search_term_string"}}],"inLanguage":"es"},{"@type":"Organization","@id":"https:\/\/mannystattooshop.art\/es\/#organization","name":"Manny's Tatto Shop","url":"https:\/\/mannystattooshop.art\/es\/","logo":{"@type":"ImageObject","inLanguage":"es","@id":"https:\/\/mannystattooshop.art\/es\/#\/schema\/logo\/image\/","url":"https:\/\/mannystattooshop.art\/wp-content\/uploads\/2024\/06\/Mannys-Tattoo-Shop-Logo.png","contentUrl":"https:\/\/mannystattooshop.art\/wp-content\/uploads\/2024\/06\/Mannys-Tattoo-Shop-Logo.png","width":871,"height":449,"caption":"Manny's Tatto Shop"},"image":{"@id":"https:\/\/mannystattooshop.art\/es\/#\/schema\/logo\/image\/"},"sameAs":["https:\/\/www.facebook.com\/mannystattoosandpiercings"]}]}},"_links":{"self":[{"href":"https:\/\/mannystattooshop.art\/es\/wp-json\/wp\/v2\/pages\/375","targetHints":{"allow":["GET"]}}],"collection":[{"href":"https:\/\/mannystattooshop.art\/es\/wp-json\/wp\/v2\/pages"}],"about":[{"href":"https:\/\/mannystattooshop.art\/es\/wp-json\/wp\/v2\/types\/page"}],"author":[{"embeddable":true,"href":"https:\/\/mannystattooshop.art\/es\/wp-json\/wp\/v2\/users\/2"}],"replies":[{"embeddable":true,"href":"https:\/\/mannystattooshop.art\/es\/wp-json\/wp\/v2\/comments?post=375"}],"version-history":[{"count":0,"href":"https:\/\/mannystattooshop.art\/es\/wp-json\/wp\/v2\/pages\/375\/revisions"}],"wp:featuredmedia":[{"embeddable":true,"href":"https:\/\/mannystattooshop.art\/es\/wp-json\/wp\/v2\/media\/361"}],"wp:attachment":[{"href":"https:\/\/mannystattooshop.art\/es\/wp-json\/wp\/v2\/media?parent=375"}],"curies":[{"name":"wp","href":"https:\/\/api.w.org\/{rel}","templated":true}]}}